{"id":27,"date":"2025-02-19T20:16:38","date_gmt":"2025-02-19T20:16:38","guid":{"rendered":"http:\/\/test036.myservice4you.ch\/?page_id=27"},"modified":"2025-07-27T22:43:07","modified_gmt":"2025-07-27T20:43:07","slug":"gesundheit-2","status":"publish","type":"page","link":"https:\/\/relaxeffect.ch\/wp\/gesundheit-2\/","title":{"rendered":"Gesundheit"},"content":{"rendered":"<p>[et_pb_section fb_built=&#8220;1&#8243; _builder_version=&#8220;4.27.4&#8243; _module_preset=&#8220;default&#8220; background_image=&#8220;http:\/\/relaxeffect.ch\/wp\/wp-content\/uploads\/2025\/03\/70jt7xnboxe.jpg&#8220; global_colors_info=&#8220;{}&#8220;][et_pb_row _builder_version=&#8220;4.27.4&#8243; _module_preset=&#8220;default&#8220; global_colors_info=&#8220;{}&#8220; custom_padding=&#8220;0px|||||&#8220;][et_pb_column type=&#8220;4_4&#8243; _builder_version=&#8220;4.27.4&#8243; _module_preset=&#8220;default&#8220; global_colors_info=&#8220;{}&#8220;][et_pb_text _builder_version=&#8220;4.27.4&#8243; _module_preset=&#8220;default&#8220; hover_enabled=&#8220;0&#8243; global_colors_info=&#8220;{}&#8220; sticky_enabled=&#8220;0&#8243;]<\/p>\n<h1>gesundheitsberatung nach P. Jentschura<\/h1>\n<p>pro Beratung vor Ort \/ chf 150.00<\/p>\n<p>(inkl. anschlie\u00dfender support bei fragen w\u00e4hrend der umstellungsphase)<\/p>\n<p>[\/et_pb_text][et_pb_image src=&#8220;http:\/\/relaxeffect.ch\/wp\/wp-content\/uploads\/2025\/02\/gesundheit.jpg&#8220; title_text=&#8220;gesundheit&#8220; align=&#8220;center&#8220; _builder_version=&#8220;4.27.4&#8243; _module_preset=&#8220;default&#8220; global_colors_info=&#8220;{}&#8220;][\/et_pb_image][et_pb_text _builder_version=&#8220;4.27.4&#8243; _module_preset=&#8220;default&#8220; global_colors_info=&#8220;{}&#8220;]<\/p>\n<p>leidest du unter:<\/p>\n<ul>\n<li>schlechter haut?<\/li>\n<li>cellulite?<\/li>\n<li>allergien?<\/li>\n<li>migr\u00e4ne?<\/li>\n<li>v\u00f6llegef\u00fchl?<\/li>\n<li>appetitlosikeit?<\/li>\n<li>\u00fcbelkeit?<\/li>\n<\/ul>\n<p>diese und noch zahlreiche andere zivilistaitonskrankheiten sind symptome des k\u00f6rpers und sollten als hilferuf verstanden werden.<\/p>\n<p>Das ziel ist das finden der Ursache und nicht die unterdr\u00fcckung der symptome. der k\u00f6rper meldet sich nicht ohne grund. gut versorgte zellen sind die vorraussetzung f\u00fcr einen schmerzfreien k\u00f6rper, gl\u00e4nzende haare, strahlende augen, straffes bindegewebe und reine haut. die ents\u00e4uerung und entschlackung des organismuses ist oft der erste schritt hin zu einem beschwerdefreien und gesundem k\u00f6rpergef\u00fchl.<\/p>\n<p>mit der <strong>richtigen k\u00f6rperpflege<\/strong>, einer <strong>guten und ausgewogenen ern\u00e4hrung<\/strong> und einem <strong>gesunden lebenswandel<\/strong> hat dein k\u00f6rper keinen grund krank zu werden.<\/p>\n<p>[\/et_pb_text][\/et_pb_column][\/et_pb_row][et_pb_row _builder_version=&#8220;4.27.4&#8243; _module_preset=&#8220;default&#8220; global_colors_info=&#8220;{}&#8220;][et_pb_column type=&#8220;4_4&#8243; _builder_version=&#8220;4.27.4&#8243; _module_preset=&#8220;default&#8220; global_colors_info=&#8220;{}&#8220;][et_pb_image src=&#8220;http:\/\/relaxeffect.ch\/wp\/wp-content\/uploads\/2025\/02\/gesundheit.jpg&#8220; title_text=&#8220;gesundheit&#8220; align=&#8220;center&#8220; _builder_version=&#8220;4.27.4&#8243; _module_preset=&#8220;default&#8220; global_colors_info=&#8220;{}&#8220;][\/et_pb_image][et_pb_text _builder_version=&#8220;4.27.4&#8243; _module_preset=&#8220;default&#8220; global_colors_info=&#8220;{}&#8220;][\/et_pb_text][et_pb_text _builder_version=&#8220;4.27.4&#8243; _module_preset=&#8220;default&#8220; hover_enabled=&#8220;0&#8243; global_colors_info=&#8220;{}&#8220; sticky_enabled=&#8220;0&#8243;]<\/p>\n<h1>preise gesundheitsberatung<\/h1>\n<p>pro Beratung vor Ort \/ chf 150.00<\/p>\n<p>(inkl. anschlie\u00dfender support bei fragen w\u00e4hrend der umstellungsphase)<\/p>\n<p><img loading=\"lazy\" decoding=\"async\" src=\"http:\/\/relaxeffect.ch\/wp\/wp-content\/uploads\/2025\/02\/pHentschura.jpg\" width=\"266\" height=\"102\" alt=\"\" class=\"wp-image-29 alignnone size-full\" \/><\/p>\n<p>[\/et_pb_text][\/et_pb_column][\/et_pb_row][\/et_pb_section]<\/p>\n","protected":false},"excerpt":{"rendered":"<p>gesundheitsberatung nach P. Jentschura pro Beratung&#8230;<\/p>\n","protected":false},"author":1,"featured_media":0,"parent":0,"menu_order":0,"comment_status":"closed","ping_status":"closed","template":"","meta":{"_et_pb_use_builder":"on","_et_pb_old_content":"","_et_gb_content_width":"","_kadence_starter_templates_imported_post":false,"_kad_post_transparent":"","_kad_post_title":"","_kad_post_layout":"","_kad_post_sidebar_id":"","_kad_post_content_style":"","_kad_post_vertical_padding":"","_kad_post_feature":"","_kad_post_feature_position":"","_kad_post_header":false,"_kad_post_footer":false,"_kad_post_classname":"","footnotes":""},"class_list":["post-27","page","type-page","status-publish","hentry"],"_links":{"self":[{"href":"https:\/\/relaxeffect.ch\/wp\/wp-json\/wp\/v2\/pages\/27","targetHints":{"allow":["GET"]}}],"collection":[{"href":"https:\/\/relaxeffect.ch\/wp\/wp-json\/wp\/v2\/pages"}],"about":[{"href":"https:\/\/relaxeffect.ch\/wp\/wp-json\/wp\/v2\/types\/page"}],"author":[{"embeddable":true,"href":"https:\/\/relaxeffect.ch\/wp\/wp-json\/wp\/v2\/users\/1"}],"replies":[{"embeddable":true,"href":"https:\/\/relaxeffect.ch\/wp\/wp-json\/wp\/v2\/comments?post=27"}],"version-history":[{"count":9,"href":"https:\/\/relaxeffect.ch\/wp\/wp-json\/wp\/v2\/pages\/27\/revisions"}],"predecessor-version":[{"id":202,"href":"https:\/\/relaxeffect.ch\/wp\/wp-json\/wp\/v2\/pages\/27\/revisions\/202"}],"wp:attachment":[{"href":"https:\/\/relaxeffect.ch\/wp\/wp-json\/wp\/v2\/media?parent=27"}],"curies":[{"name":"wp","href":"https:\/\/api.w.org\/{rel}","templated":true}]}}